{"id":6915,"date":"2021-08-10T21:10:53","date_gmt":"2021-08-10T17:40:53","guid":{"rendered":"https:\/\/chakadhiva.com\/sw\/%d9%86%d9%85%d8%a7%db%8c%d9%86%d8%af%da%af%db%8c-copy\/"},"modified":"2022-01-02T15:30:15","modified_gmt":"2022-01-02T12:00:15","slug":"online-inquiry","status":"publish","type":"page","link":"https:\/\/chakadhiva.com\/sw\/online-inquiry\/","title":{"rendered":"Online inquiry"},"content":{"rendered":"<section class=\"l-section wpb_row height_medium\"><div class=\"l-section-h i-cf\"><div class=\"g-cols vc_row type_default valign_top\"><div class=\"vc_col-sm-12 wpb_column vc_column_container\"><div class=\"vc_column-inner\"><div class=\"wpb_wrapper\"><div class=\"w-separator size_medium\"><\/div>\n                <div class='gf_browser_gecko gform_wrapper _wrapper gf_stylespro_wrapper sp_flat_wrapper' id='gform_wrapper_3' ><form method='post' enctype='multipart\/form-data'  id='gform_3' class=' gf_stylespro sp_flat' action='\/sw\/wp-json\/wp\/v2\/pages\/6915'>\n                        <div class='gform_body'><ul id='gform_fields_3' class='gform_fields top_label form_sublabel_below description_below'><li id='field_3_1'  class='gfield head-t gfield_html gfield_html_formatted gfield_no_follows_desc field_sublabel_below field_description_below gfield_visibility_visible' >F\u00f6r onlinef\u00f6rfr\u00e5gningar, v\u00e4nligen fyll i och skicka f\u00f6ljande formul\u00e4r noggrant s\u00e5 att v\u00e5ra kollegor kan granska det s\u00e5 snart som m\u00f6jligt.<\/li><li id='field_3_59'  class='gfield field_sublabel_below field_description_below gfield_visibility_visible gf_third gf_icn_bs gf_icn_large o_medium' ><label class='gfield_label' for='input_3_59' >Fullst\u00e4ndiga namn<\/label><div class='ginput_container has_gfsp_icn ginput_container_text'><span class=\"gfsp_icon\"><i class=\"fas fa-user\"><\/i><\/span><input name='input_59' id='input_3_59' type='text' value='' class='large full'      aria-invalid=\"false\" \/><\/div><\/li><li id='field_3_60'  class='gfield field_sublabel_below field_description_below gfield_visibility_visible gf_third gf_icn_bs gf_icn_large o_medium' ><label class='gfield_label' for='input_3_60' >F\u00f6retag \/ samlingsnamn<\/label><div class='ginput_container has_gfsp_icn ginput_container_text'><span class=\"gfsp_icon\"><i class=\"fas fa-user\"><\/i><\/span><input name='input_60' id='input_3_60' type='text' value='' class='large full'      aria-invalid=\"false\" \/><\/div><\/li><li id='field_3_48'  class='gfield field_sublabel_below field_description_below gfield_visibility_visible gf_third gf_icn_bs gf_icn_large o_medium' ><label class='gfield_label' for='input_3_48' >Telefon<\/label><div class='ginput_container has_gfsp_icn ginput_container_text'><span class=\"gfsp_icon\"><i class=\"fas fa-phone\"><\/i><\/span><input name='input_48' id='input_3_48' type='text' value='' class='large full'      aria-invalid=\"false\" \/><\/div><\/li><li id='field_3_49'  class='gfield field_sublabel_below field_description_below gfield_visibility_visible gf_third gf_icn_bs gf_icn_large o_medium' ><label class='gfield_label' for='input_3_49' >Mobil<\/label><div class='ginput_container has_gfsp_icn ginput_container_text'><span class=\"gfsp_icon\"><i class=\"fas fa-mobile\"><\/i><\/span><input name='input_49' id='input_3_49' type='text' value='' class='large full'      aria-invalid=\"false\" \/><\/div><\/li><li id='field_3_50'  class='gfield field_sublabel_below field_description_below gfield_visibility_visible gf_third gf_icn_bs gf_icn_large o_medium' ><label class='gfield_label' for='input_3_50' >E-post<\/label><div class='ginput_container has_gfsp_icn ginput_container_text'><span class=\"gfsp_icon\"><i class=\"fas fa-envelope-square\"><\/i><\/span><input name='input_50' id='input_3_50' type='text' value='' class='large full'      aria-invalid=\"false\" \/><\/div><\/li><li id='field_3_62'  class='gfield field_sublabel_below field_description_below gfield_visibility_visible gf_third gf_icn_bs gf_icn_large o_medium' ><label class='gfield_label' for='input_3_62' >Fil<\/label><div class='ginput_container has_gfsp_icn ginput_container_fileupload'><span class=\"gfsp_icon\"><i class=\"fa fa-upload\"><\/i><\/span><input type='hidden' name='MAX_FILE_SIZE' value='1073741824' \/><input name='input_62' id='input_3_62' type='file' class='medium' aria-describedby='validation_message_3_62 live_validation_message_3_62 extensions_message_3_62' onchange='javascript:gformValidateFileSize( this, 1073741824 );'  \/><span id='extensions_message_3_62' class='screen-reader-text'><\/span><div class='validation_message' id='live_validation_message_3_62'><\/div><\/div><\/li><li id='field_3_52'  class='gfield field_sublabel_below field_description_below gfield_visibility_visible o_medium' ><label class='gfield_label' for='input_3_52' >Beskrivning<\/label><div class='ginput_container ginput_container_textarea'><textarea name='input_52' id='input_3_52' class='textarea large full'      aria-invalid=\"false\"   rows='10' cols='50'><\/textarea><\/div><\/li><li id='field_3_63'  class='gfield field_sublabel_below field_description_below gfield_visibility_visible' ><label class='gfield_label' for='input_3_63' >Captcha<\/label><div id='input_3_63' class='ginput_container ginput_recaptcha' data-sitekey='6LfMC2scAAAAAD-HAWGq6PzZKV-0a7o4loXpH86o'  data-theme='light' data-tabindex='0'  data-badge=''><\/div><\/li>\n                            <\/ul><\/div>\n        <div class='gform_footer top_label'> <input type='submit' id='gform_submit_button_3' class='gform_button button' value='Submit'  onclick='if(window[\"gf_submitting_3\"]){return false;}  window[\"gf_submitting_3\"]=true;  ' onkeypress='if( event.keyCode == 13 ){ if(window[\"gf_submitting_3\"]){return false;} window[\"gf_submitting_3\"]=true;  jQuery(\"#gform_3\").trigger(\"submit\",[true]); }' \/> \n            <input type='hidden' class='gform_hidden' name='is_submit_3' value='1' \/>\n            <input type='hidden' class='gform_hidden' name='gform_submit' value='3' \/>\n            \n            <input type='hidden' class='gform_hidden' name='gform_unique_id' value='' \/>\n            <input type='hidden' class='gform_hidden' name='state_3' value='WyJbXSIsIjZkNmUxYjMzNWIyNWZkZDBmOWRjOWU1MTQ4ZTBiMjYxIl0=' \/>\n            <input type='hidden' class='gform_hidden' name='gform_target_page_number_3' id='gform_target_page_number_3' value='0' \/>\n            <input type='hidden' class='gform_hidden' name='gform_source_page_number_3' id='gform_source_page_number_3' value='1' \/>\n            <input type='hidden' name='gform_field_values' value='' \/>\n            \n        <\/div>\n                        <\/form>\n                        <\/div><script type='text\/javascript'> jQuery(document).bind('gform_post_render', function(event, formId, currentPage){if(formId == 3) {jQuery(document).ready(function(){ $wrapper = jQuery(\"#gform_wrapper_3\"); $wrapper.find(\".gf_icon_after .gfsp_icon\").each(function() { jQuery(this).next().after(this); });  $wrapper.find(\".gf_icon_after .ginput_container_date .gfsp_icon, .gf_icon_after .ginput_container_time .gfsp_icon\").each(function() { jQuery(this).closest(\".ginput_container\").siblings(\":last\").find(\"input, select\").after(this); }) });} } );jQuery(document).bind('gform_post_conditional_logic', function(event, formId, fields, isInit){} );<\/script><script type='text\/javascript'> jQuery(document).ready(function(){jQuery(document).trigger('gform_post_render', [3, 1]) } ); <\/script><\/div><\/div><\/div><\/div><\/div><\/section>\n","protected":false},"excerpt":{"rendered":"F\u00f6r onlinef\u00f6rfr\u00e5gningar, v\u00e4nligen fyll i och skicka f\u00f6ljande formul\u00e4r noggrant s\u00e5 att v\u00e5ra kollegor kan granska det s\u00e5 snart som m\u00f6jligt.Fullst\u00e4ndiga namnF\u00f6retag \/ samlingsnamnTelefonMobilE-postFilBeskrivningCaptcha","protected":false},"author":9,"featured_media":0,"parent":0,"menu_order":0,"comment_status":"closed","ping_status":"closed","template":"","meta":[],"_links":{"self":[{"href":"https:\/\/chakadhiva.com\/sw\/wp-json\/wp\/v2\/pages\/6915"}],"collection":[{"href":"https:\/\/chakadhiva.com\/sw\/wp-json\/wp\/v2\/pages"}],"about":[{"href":"https:\/\/chakadhiva.com\/sw\/wp-json\/wp\/v2\/types\/page"}],"author":[{"embeddable":true,"href":"https:\/\/chakadhiva.com\/sw\/wp-json\/wp\/v2\/users\/9"}],"replies":[{"embeddable":true,"href":"https:\/\/chakadhiva.com\/sw\/wp-json\/wp\/v2\/comments?post=6915"}],"version-history":[{"count":4,"href":"https:\/\/chakadhiva.com\/sw\/wp-json\/wp\/v2\/pages\/6915\/revisions"}],"predecessor-version":[{"id":7091,"href":"https:\/\/chakadhiva.com\/sw\/wp-json\/wp\/v2\/pages\/6915\/revisions\/7091"}],"wp:attachment":[{"href":"https:\/\/chakadhiva.com\/sw\/wp-json\/wp\/v2\/media?parent=6915"}],"curies":[{"name":"wp","href":"https:\/\/api.w.org\/{rel}","templated":true}]}}