{"id":6712,"date":"2021-08-09T17:55:13","date_gmt":"2021-08-09T14:25:13","guid":{"rendered":"https:\/\/chakadhiva.com\/sw\/%d9%be%d8%b1%d9%88%da%98%d9%87-%d9%87%d8%a7-copy\/"},"modified":"2022-01-03T12:35:32","modified_gmt":"2022-01-03T09:05:32","slug":"request-for-representation","status":"publish","type":"page","link":"https:\/\/chakadhiva.com\/sw\/request-for-representation\/","title":{"rendered":"Beg\u00e4ran om representation"},"content":{"rendered":"<section class=\"l-section wpb_row height_medium\"><div class=\"l-section-h i-cf\"><div class=\"g-cols vc_row type_default valign_top\"><div class=\"vc_col-sm-12 wpb_column vc_column_container\"><div class=\"vc_column-inner\"><div class=\"wpb_wrapper\"><div class=\"w-separator size_medium\"><\/div>\n                <div class='gf_browser_gecko gform_wrapper _wrapper gf_stylespro_wrapper sp_flat_wrapper' id='gform_wrapper_2' ><form method='post' enctype='multipart\/form-data'  id='gform_2' class=' gf_stylespro sp_flat' action='\/sw\/wp-json\/wp\/v2\/pages\/6712'>\n                        <div class='gform_body'><ul id='gform_fields_2' class='gform_fields top_label form_sublabel_below description_below'><li id='field_2_1'  class='gfield head-t gfield_html gfield_html_formatted gfield_no_follows_desc field_sublabel_below field_description_below gfield_visibility_visible' >V\u00e4nligen fyll i formul\u00e4ret nedan f\u00f6r att beg\u00e4ra representation s\u00e5 att v\u00e5ra kollegor kan granska det s\u00e5 snart som m\u00f6jligt.<\/li><li id='field_2_56'  class='gfield head-t-f gfield_html gfield_html_formatted gfield_no_follows_desc field_sublabel_below field_description_below gfield_visibility_visible' >Grundl\u00e4ggande kundinformation f\u00f6r att kontrollera m\u00f6jligheten att bevilja representation:<\/li><li id='field_2_60'  class='gfield field_sublabel_below field_description_below gfield_visibility_visible gf_third gf_icn_bs gf_icn_large o_medium' ><label class='gfield_label' for='input_2_60' >F\u00f6retagsnamn \/ riktig person<\/label><div class='ginput_container has_gfsp_icn ginput_container_text'><span class=\"gfsp_icon\"><i class=\"fas fa-user\"><\/i><\/span><input name='input_60' id='input_2_60' type='text' value='' class='large full'      aria-invalid=\"false\" \/><\/div><\/li><li id='field_2_59'  class='gfield field_sublabel_below field_description_below gfield_visibility_visible gf_third gf_icn_bs gf_icn_large o_medium' ><label class='gfield_label' for='input_2_59' >VD:ns namn och efternamn<\/label><div class='ginput_container has_gfsp_icn ginput_container_text'><span class=\"gfsp_icon\"><i class=\"fas fa-user\"><\/i><\/span><input name='input_59' id='input_2_59' type='text' value='' class='large full'      aria-invalid=\"false\" \/><\/div><\/li><li id='field_2_61'  class='gfield field_sublabel_below field_description_below gfield_visibility_visible gf_third gf_icn_bs gf_icn_large o_medium' ><label class='gfield_label' for='input_2_61' >Registreringsnummer<\/label><div class='ginput_container has_gfsp_icn ginput_container_text'><span class=\"gfsp_icon\"><i class=\"fas fa-certificate\"><\/i><\/span><input name='input_61' id='input_2_61' type='text' value='' class='large full'      aria-invalid=\"false\" \/><\/div><\/li><li id='field_2_63'  class='gfield field_sublabel_below field_description_below gfield_visibility_visible gf_third gf_icn_bs gf_icn_large o_medium' ><label class='gfield_label' for='input_2_63' >Nationell kod<\/label><div class='ginput_container has_gfsp_icn ginput_container_text'><span class=\"gfsp_icon\"><i class=\"fas fa-certificate\"><\/i><\/span><input name='input_63' id='input_2_63' type='text' value='' class='large full'      aria-invalid=\"false\" \/><\/div><\/li><li id='field_2_62'  class='gfield field_sublabel_below field_description_below gfield_visibility_visible gf_third gf_icn_bs gf_icn_large o_medium' ><label class='gfield_label' for='input_2_62' >Ekonomisk kod<\/label><div class='ginput_container has_gfsp_icn ginput_container_text'><span class=\"gfsp_icon\"><i class=\"fas fa-certificate\"><\/i><\/span><input name='input_62' id='input_2_62' type='text' value='' class='large full'      aria-invalid=\"false\" \/><\/div><\/li><li id='field_2_25'  class='gfield gsection field_sublabel_below field_description_below gfield_visibility_visible gf_hide_label o_medium' ><h2 class='gsection_title'>\u062c\u062f\u0627 \u06a9\u0646\u0646\u062f\u0647 \u0628\u062e\u0634<\/h2><\/li><li id='field_2_24'  class='gfield head-t-f gfield_html gfield_html_formatted gfield_no_follows_desc field_sublabel_below field_description_below gfield_visibility_visible' >Kontorsinformation:<\/li><li id='field_2_45'  class='gfield field_sublabel_below field_description_below gfield_visibility_visible gf_third gf_icn_bs gf_icn_large o_medium' ><label class='gfield_label' for='input_2_45' >Kontorsadress<\/label><div class='ginput_container has_gfsp_icn ginput_container_text'><span class=\"gfsp_icon\"><i class=\"fas fa-map-marker\"><\/i><\/span><input name='input_45' id='input_2_45' type='text' value='' class='large full'      aria-invalid=\"false\" \/><\/div><\/li><li id='field_2_48'  class='gfield field_sublabel_below field_description_below gfield_visibility_visible gf_third gf_icn_bs gf_icn_large o_medium' ><label class='gfield_label' for='input_2_48' >Telefon<\/label><div class='ginput_container has_gfsp_icn ginput_container_text'><span class=\"gfsp_icon\"><i class=\"fas fa-phone\"><\/i><\/span><input name='input_48' id='input_2_48' type='text' value='' class='large full'      aria-invalid=\"false\" \/><\/div><\/li><li id='field_2_58'  class='gfield field_sublabel_below field_description_below gfield_visibility_visible gf_third gf_icn_bs gf_icn_large o_medium' ><label class='gfield_label' for='input_2_58' >fax<\/label><div class='ginput_container has_gfsp_icn ginput_container_text'><span class=\"gfsp_icon\"><i class=\"fas fa-fax\"><\/i><\/span><input name='input_58' id='input_2_58' type='text' value='' class='large full'      aria-invalid=\"false\" \/><\/div><\/li><li id='field_2_49'  class='gfield field_sublabel_below field_description_below gfield_visibility_visible gf_third gf_icn_bs gf_icn_large o_medium' ><label class='gfield_label' for='input_2_49' >Mobil<\/label><div class='ginput_container has_gfsp_icn ginput_container_text'><span class=\"gfsp_icon\"><i class=\"fas fa-mobile\"><\/i><\/span><input name='input_49' id='input_2_49' type='text' value='' class='large full'      aria-invalid=\"false\" \/><\/div><\/li><li id='field_2_47'  class='gfield field_sublabel_below field_description_below gfield_visibility_visible gf_third gf_icn_bs gf_icn_large o_medium' ><label class='gfield_label' for='input_2_47' >Postnummer<\/label><div class='ginput_container has_gfsp_icn ginput_container_text'><span class=\"gfsp_icon\"><i class=\"fas fa-envelope\"><\/i><\/span><input name='input_47' id='input_2_47' type='text' value='' class='large full'      aria-invalid=\"false\" \/><\/div><\/li><li id='field_2_50'  class='gfield field_sublabel_below field_description_below gfield_visibility_visible gf_third gf_icn_bs gf_icn_large o_medium' ><label class='gfield_label' for='input_2_50' >E-post<\/label><div class='ginput_container has_gfsp_icn ginput_container_text'><span class=\"gfsp_icon\"><i class=\"fas fa-envelope-square\"><\/i><\/span><input name='input_50' id='input_2_50' type='text' value='' class='large full'      aria-invalid=\"false\" \/><\/div><\/li><li id='field_2_51'  class='gfield field_sublabel_below field_description_below gfield_visibility_visible gf_third gf_icn_bs gf_icn_large o_medium' ><label class='gfield_label' for='input_2_51' >Brevl\u00e5da<\/label><div class='ginput_container has_gfsp_icn ginput_container_text'><span class=\"gfsp_icon\"><i class=\"fas fa-cube\"><\/i><\/span><input name='input_51' id='input_2_51' type='text' value='' class='large full'      aria-invalid=\"false\" \/><\/div><\/li><li id='field_2_52'  class='gfield field_sublabel_below field_description_below gfield_visibility_visible o_medium' ><label class='gfield_label' for='input_2_52' >S\u00f6kande om representation<\/label><div class='ginput_container ginput_container_textarea'><textarea name='input_52' id='input_2_52' class='textarea large full'      aria-invalid=\"false\"   rows='10' cols='50'><\/textarea><\/div><\/li><li id='field_2_64'  class='gfield field_sublabel_below field_description_below gfield_visibility_visible' ><label class='gfield_label' for='input_2_64' >Captcha<\/label><div id='input_2_64' class='ginput_container ginput_recaptcha' data-sitekey='6LfMC2scAAAAAD-HAWGq6PzZKV-0a7o4loXpH86o'  data-theme='light' data-tabindex='0'  data-badge=''><\/div><\/li>\n                            <\/ul><\/div>\n        <div class='gform_footer top_label'> <input type='submit' id='gform_submit_button_2' class='gform_button button' value='Submit'  onclick='if(window[\"gf_submitting_2\"]){return false;}  window[\"gf_submitting_2\"]=true;  ' onkeypress='if( event.keyCode == 13 ){ if(window[\"gf_submitting_2\"]){return false;} window[\"gf_submitting_2\"]=true;  jQuery(\"#gform_2\").trigger(\"submit\",[true]); }' \/> \n            <input type='hidden' class='gform_hidden' name='is_submit_2' value='1' \/>\n            <input type='hidden' class='gform_hidden' name='gform_submit' value='2' \/>\n            \n            <input type='hidden' class='gform_hidden' name='gform_unique_id' value='' \/>\n            <input type='hidden' class='gform_hidden' name='state_2' value='WyJbXSIsIjZkNmUxYjMzNWIyNWZkZDBmOWRjOWU1MTQ4ZTBiMjYxIl0=' \/>\n            <input type='hidden' class='gform_hidden' name='gform_target_page_number_2' id='gform_target_page_number_2' value='0' \/>\n            <input type='hidden' class='gform_hidden' name='gform_source_page_number_2' id='gform_source_page_number_2' value='1' \/>\n            <input type='hidden' name='gform_field_values' value='' \/>\n            \n        <\/div>\n                        <\/form>\n                        <\/div><script type='text\/javascript'> jQuery(document).bind('gform_post_render', function(event, formId, currentPage){if(formId == 2) {jQuery(document).ready(function(){ $wrapper = jQuery(\"#gform_wrapper_2\"); $wrapper.find(\".gf_icon_after .gfsp_icon\").each(function() { jQuery(this).next().after(this); });  $wrapper.find(\".gf_icon_after .ginput_container_date .gfsp_icon, .gf_icon_after .ginput_container_time .gfsp_icon\").each(function() { jQuery(this).closest(\".ginput_container\").siblings(\":last\").find(\"input, select\").after(this); }) });} } );jQuery(document).bind('gform_post_conditional_logic', function(event, formId, fields, isInit){} );<\/script><script type='text\/javascript'> jQuery(document).ready(function(){jQuery(document).trigger('gform_post_render', [2, 1]) } ); <\/script><\/div><\/div><\/div><\/div><\/div><\/section>\n","protected":false},"excerpt":{"rendered":"V\u00e4nligen fyll i formul\u00e4ret nedan f\u00f6r att beg\u00e4ra representation s\u00e5 att v\u00e5ra kollegor kan granska det s\u00e5 snart som m\u00f6jligt.Grundl\u00e4ggande kundinformation f\u00f6r att kontrollera m\u00f6jligheten att bevilja representation:F\u00f6retagsnamn \/ riktig personVD:ns namn och efternamnRegistreringsnummerNationell kodEkonomisk kod\u062c\u062f\u0627 \u06a9\u0646\u0646\u062f\u0647 \u0628\u062e\u0634Kontorsinformation:KontorsadressTelefonfaxMobilPostnummerE-postBrevl\u00e5daS\u00f6kande om representationCaptcha","protected":false},"author":9,"featured_media":0,"parent":0,"menu_order":0,"comment_status":"closed","ping_status":"closed","template":"","meta":[],"_links":{"self":[{"href":"https:\/\/chakadhiva.com\/sw\/wp-json\/wp\/v2\/pages\/6712"}],"collection":[{"href":"https:\/\/chakadhiva.com\/sw\/wp-json\/wp\/v2\/pages"}],"about":[{"href":"https:\/\/chakadhiva.com\/sw\/wp-json\/wp\/v2\/types\/page"}],"author":[{"embeddable":true,"href":"https:\/\/chakadhiva.com\/sw\/wp-json\/wp\/v2\/users\/9"}],"replies":[{"embeddable":true,"href":"https:\/\/chakadhiva.com\/sw\/wp-json\/wp\/v2\/comments?post=6712"}],"version-history":[{"count":15,"href":"https:\/\/chakadhiva.com\/sw\/wp-json\/wp\/v2\/pages\/6712\/revisions"}],"predecessor-version":[{"id":7116,"href":"https:\/\/chakadhiva.com\/sw\/wp-json\/wp\/v2\/pages\/6712\/revisions\/7116"}],"wp:attachment":[{"href":"https:\/\/chakadhiva.com\/sw\/wp-json\/wp\/v2\/media?parent=6712"}],"curies":[{"name":"wp","href":"https:\/\/api.w.org\/{rel}","templated":true}]}}