{"id":1194,"date":"2013-09-03T12:39:41","date_gmt":"2013-09-03T09:09:41","guid":{"rendered":"http:\/\/zephyr.us-themes.com\/pages\/our-team\/"},"modified":"2022-01-03T12:50:08","modified_gmt":"2022-01-03T09:20:08","slug":"about-us","status":"publish","type":"page","link":"https:\/\/chakadhiva.com\/sw\/about-us\/","title":{"rendered":"Om oss"},"content":{"rendered":"<section class=\"l-section wpb_row height_auto width_full with_img\"><div class=\"l-section-img\" style=\"background-image: url(https:\/\/chakadhiva.com\/sw\/wp-content\/uploads\/2021\/08\/about-bg.jpg);background-repeat: no-repeat;\" data-img-width=\"1920\" data-img-height=\"793\"><\/div><div class=\"l-section-h i-cf\"><div class=\"g-cols vc_row type_boxes valign_top\"><div class=\"vc_col-sm-6 wpb_column vc_column_container has_text_color animate_afl\"><div class=\"vc_column-inner us_custom_9bca160a\"><div class=\"wpb_wrapper\"><div class=\"wpb_text_column us_custom_9db99824 has_text_color\" ><div class=\"wpb_wrapper\"><p>Chakad Hiva Company grundades 2014 med syftet att tillhandah\u00e5lla ingenj\u00f6rstj\u00e4nster med fokus p\u00e5 design och genomf\u00f6rande av specialiserade projekt (byggnader, anl\u00e4ggningar och utrustning). Grundarna och cheferna f\u00f6r detta f\u00f6retag har varit aktie\u00e4gare och vice ordf\u00f6rande i styrelsen f\u00f6r f\u00f6retaget Amayesh Boom fr\u00e5n 1996 till 2013. Grundarna och cheferna f\u00f6r detta f\u00f6retag, samtidigt som de samarbetade i vetenskapliga och tekniska centra, genom att designa och genomf\u00f6ra olika specialiserade projekt i landet, kunnat samla sammanlagt mycket v\u00e4rdefulla arbetsuppteckningar i denna samling. Detta f\u00f6retags policy har alltid varit baserad p\u00e5 principen att samtidigt som man drar f\u00f6rdel av vetenskapliga landvinningar, f\u00f6rlitar sig p\u00e5 expertis och \u00e4rlighet i arbetet, f\u00f6r att tillhandah\u00e5lla sina tj\u00e4nster p\u00e5 b\u00e4sta s\u00e4tt f\u00f6r landets tillv\u00e4xt och utveckling.<\/p>\n<\/div><\/div><\/div><\/div><\/div><div class=\"vc_col-sm-6 wpb_column vc_column_container animate_afr\"><div class=\"vc_column-inner us_custom_04eddade\"><div class=\"wpb_wrapper\"><div class=\"wpb_text_column\" ><div class=\"wpb_wrapper\"><!--[if lt IE 9]><script>document.createElement('video');<\/script><![endif]-->\n\t<div class=\"wp-playlist wp-video-playlist wp-playlist-light\">\n\t\t<video controls=\"controls\" preload=\"none\" width=\"1118\"\n\t\t height=\"839\"\t><\/video>\n\t<div class=\"wp-playlist-next\"><\/div>\n\t<div class=\"wp-playlist-prev\"><\/div>\n\t<noscript>\n\t<ol>\n\t\t<li><a href='https:\/\/chakadhiva.com\/sw\/wp-content\/uploads\/2021\/08\/gholhak.Amir-fallahzadeh.mp4'>gholhak.Amir-fallahzadeh<\/a><\/li>\t<\/ol>\n\t<\/noscript>\n\t<script type=\"application\/json\" class=\"wp-playlist-script\">{\"type\":\"video\",\"tracklist\":true,\"tracknumbers\":true,\"images\":true,\"artists\":true,\"tracks\":[{\"src\":\"https:\\\/\\\/chakadhiva.com\\\/sw\\\/wp-content\\\/uploads\\\/2021\\\/08\\\/gholhak.Amir-fallahzadeh.mp4\",\"type\":\"video\\\/mp4\",\"title\":\"\",\"caption\":\"\",\"description\":\"\",\"meta\":{\"length_formatted\":\"5:41\"},\"dimensions\":{\"original\":{\"width\":640,\"height\":480},\"resized\":{\"width\":1118,\"height\":839}},\"image\":{\"src\":\"https:\\\/\\\/chakadhiva.com\\\/sw\\\/wp-includes\\\/images\\\/media\\\/video.png\",\"width\":48,\"height\":64},\"thumb\":{\"src\":\"https:\\\/\\\/chakadhiva.com\\\/sw\\\/wp-includes\\\/images\\\/media\\\/video.png\",\"width\":48,\"height\":64}}]}<\/script>\n<\/div>\n\t\n<\/div><\/div><\/div><\/div><\/div><\/div><\/div><\/section>\n","protected":false},"excerpt":{"rendered":"Chakad Hiva Company grundades 2014 med syftet att tillhandah\u00e5lla ingenj\u00f6rstj\u00e4nster med fokus p\u00e5 design och genomf\u00f6rande av specialiserade projekt (byggnader, anl\u00e4ggningar och utrustning). Grundarna och cheferna f\u00f6r detta f\u00f6retag har varit aktie\u00e4gare och vice ordf\u00f6rande i styrelsen f\u00f6r f\u00f6retaget Amayesh Boom fr\u00e5n 1996 till 2013. Grundarna och cheferna f\u00f6r detta f\u00f6retag, samtidigt som de samarbetade...","protected":false},"author":9,"featured_media":0,"parent":0,"menu_order":0,"comment_status":"closed","ping_status":"closed","template":"","meta":[],"_links":{"self":[{"href":"https:\/\/chakadhiva.com\/sw\/wp-json\/wp\/v2\/pages\/1194"}],"collection":[{"href":"https:\/\/chakadhiva.com\/sw\/wp-json\/wp\/v2\/pages"}],"about":[{"href":"https:\/\/chakadhiva.com\/sw\/wp-json\/wp\/v2\/types\/page"}],"author":[{"embeddable":true,"href":"https:\/\/chakadhiva.com\/sw\/wp-json\/wp\/v2\/users\/9"}],"replies":[{"embeddable":true,"href":"https:\/\/chakadhiva.com\/sw\/wp-json\/wp\/v2\/comments?post=1194"}],"version-history":[{"count":24,"href":"https:\/\/chakadhiva.com\/sw\/wp-json\/wp\/v2\/pages\/1194\/revisions"}],"predecessor-version":[{"id":7132,"href":"https:\/\/chakadhiva.com\/sw\/wp-json\/wp\/v2\/pages\/1194\/revisions\/7132"}],"wp:attachment":[{"href":"https:\/\/chakadhiva.com\/sw\/wp-json\/wp\/v2\/media?parent=1194"}],"curies":[{"name":"wp","href":"https:\/\/api.w.org\/{rel}","templated":true}]}}